{"id":365,"date":"2024-03-26T09:05:06","date_gmt":"2024-03-26T09:05:06","guid":{"rendered":"https:\/\/www.ollabot.com\/?page_id=365"},"modified":"2024-10-31T20:35:21","modified_gmt":"2024-10-31T20:35:21","slug":"terms-of-use","status":"publish","type":"page","link":"https:\/\/ollabot.com\/fr\/conditions-dutilisation\/","title":{"rendered":"Conditions d&#039;utilisation"},"content":{"rendered":"<style>.kb-image365_fa90fc-c0 .kb-image-has-overlay:after{opacity:0.3;}<\/style>\n<figure class=\"wp-block-kadence-image kb-image365_fa90fc-c0 size-large\"><img data-opt-id=1573221278  fetchpriority=\"high\" decoding=\"async\" width=\"1024\" height=\"585\" src=\"https:\/\/mlfx8jscstvv.i.optimole.com\/w:1024\/h:585\/q:mauto\/ig:avif\/https:\/\/ollabot.com\/wp-content\/uploads\/2024\/07\/terms-of-use.webp\" alt=\"conditions d&#039;utilisation\" class=\"kb-img wp-image-1276\" srcset=\"https:\/\/mlfx8jscstvv.i.optimole.com\/w:1024\/h:585\/q:mauto\/ig:avif\/https:\/\/ollabot.com\/wp-content\/uploads\/2024\/07\/terms-of-use.webp 1024w, https:\/\/mlfx8jscstvv.i.optimole.com\/w:300\/h:171\/q:mauto\/ig:avif\/https:\/\/ollabot.com\/wp-content\/uploads\/2024\/07\/terms-of-use.webp 300w, https:\/\/mlfx8jscstvv.i.optimole.com\/w:768\/h:439\/q:mauto\/ig:avif\/https:\/\/ollabot.com\/wp-content\/uploads\/2024\/07\/terms-of-use.webp 768w, https:\/\/mlfx8jscstvv.i.optimole.com\/w:1536\/h:878\/q:mauto\/ig:avif\/https:\/\/ollabot.com\/wp-content\/uploads\/2024\/07\/terms-of-use.webp 1536w, https:\/\/mlfx8jscstvv.i.optimole.com\/w:18\/h:10\/q:mauto\/ig:avif\/dpr:2\/https:\/\/ollabot.com\/wp-content\/uploads\/2024\/07\/terms-of-use.webp 18w, https:\/\/mlfx8jscstvv.i.optimole.com\/w:150\/h:86\/q:mauto\/ig:avif\/https:\/\/ollabot.com\/wp-content\/uploads\/2024\/07\/terms-of-use.webp 150w, https:\/\/mlfx8jscstvv.i.optimole.com\/w:1792\/h:1024\/q:mauto\/ig:avif\/https:\/\/ollabot.com\/wp-content\/uploads\/2024\/07\/terms-of-use.webp 1792w\" sizes=\"(max-width: 1024px) 100vw, 1024px\" \/><\/figure>\n\n\n\n<h4 class=\"wp-block-heading\">Acceptation<\/h4>\n\n\n\n<p>L&#039;utilisation du site Ollabot implique l&#039;acceptation pleine et enti\u00e8re des \u00e9l\u00e9ments suivants <a href=\"https:\/\/en.wikipedia.org\/wiki\/Wikipedia:Terms_of_use\" class=\"ek-link\" target=\"_blank\" rel=\"noopener\">conditions d&#039;utilisation<\/a>. Ces conditions pourront \u00eatre modifi\u00e9es ou compl\u00e9t\u00e9es \u00e0 tout moment.<\/p>\n\n\n\n<h4 class=\"wp-block-heading\">Utilisation du Service<\/h4>\n\n\n\n<p>Le site Ollabot permet \u00e0 l&#039;utilisateur d&#039;acc\u00e9der gratuitement aux services suivants : informations sur la soci\u00e9t\u00e9, abonnement \u00e0 la newsletter, contact. Le site est accessible gratuitement partout \u00e0 tout utilisateur disposant d&#039;un acc\u00e8s Internet.<\/p>\n\n\n\n<h4 class=\"wp-block-heading\">Propri\u00e9t\u00e9 intellectuelle<\/h4>\n\n\n\n<p>Le site et chacun de ses \u00e9l\u00e9ments, notamment les textes, articles, images, vid\u00e9os, logos, sont prot\u00e9g\u00e9s par le droit de la propri\u00e9t\u00e9 intellectuelle. L&#039;utilisateur ne doit en aucun cas reproduire, modifier, transf\u00e9rer, exploiter ou utiliser ces \u00e9l\u00e9ments sans l&#039;accord pr\u00e9alable et \u00e9crit d&#039;Ollabot.<\/p>\n\n\n\n<h4 class=\"wp-block-heading\">Limites de responsabilit\u00e9<\/h4>\n\n\n\n<p>Ollabot ne pourra \u00eatre tenu responsable des dommages directs ou indirects caus\u00e9s au mat\u00e9riel de l&#039;utilisateur lors de l&#039;acc\u00e8s au site. Des liens hypertextes peuvent conduire vers d&#039;autres sites qu&#039;Ollabot. Ollabot d\u00e9cline toute responsabilit\u00e9 dans le cas o\u00f9 le contenu de ces sites violerait les lois en vigueur.<\/p>\n\n\n\n<h4 class=\"wp-block-heading\">Modification des Conditions<\/h4>\n\n\n\n<p>Ollabot se r\u00e9serve le droit de modifier les clauses des pr\u00e9sentes conditions d&#039;utilisation \u00e0 tout moment et sans justification.<\/p>\n\n\n\n<p>Ces documents ont vocation \u00e0 servir de cadre de r\u00e9f\u00e9rence pour vos pratiques en ligne. Il est essentiel de les adapter sp\u00e9cifiquement \u00e0 votre contexte et de les mettre \u00e0 jour r\u00e9guli\u00e8rement pour rester en conformit\u00e9 avec les lois et r\u00e9glementations. <a href=\"https:\/\/ollabot.com\/legal-notice\/\">conseil<\/a> est fortement recommand\u00e9 afin de garantir leur exactitude et leur conformit\u00e9.<\/p>\n\n\n\n<p><\/p>","protected":false},"excerpt":{"rendered":"<p>Acceptation L&#039;utilisation du site Ollabot implique l&#039;acceptation pleine et enti\u00e8re des conditions d&#039;utilisation suivantes. Ces conditions pourront \u00eatre modifi\u00e9es ou compl\u00e9t\u00e9es \u00e0 tout moment. Utilisation du Service Le site Ollabot permet \u00e0 l&#039;utilisateur d&#039;acc\u00e9der gratuitement aux services suivants : informations sur la soci\u00e9t\u00e9, abonnement \u00e0 la newsletter, contact. Le site est accessible gratuitement\u2026<\/p>","protected":false},"author":1,"featured_media":1276,"parent":0,"menu_order":0,"comment_status":"closed","ping_status":"closed","template":"","meta":{"_editorskit_title_hidden":false,"_editorskit_reading_time":0,"_editorskit_is_block_options_detached":false,"_editorskit_block_options_position":"{}","_kad_blocks_custom_css":"","_kad_blocks_head_custom_js":"","_kad_blocks_body_custom_js":"","_kad_blocks_footer_custom_js":"","_kad_post_transparent":"","_kad_post_title":"","_kad_post_layout":"","_kad_post_sidebar_id":"","_kad_post_content_style":"","_kad_post_vertical_padding":"","_kad_post_feature":"","_kad_post_feature_position":"","_kad_post_header":false,"_kad_post_footer":false,"_kad_post_classname":"","footnotes":""},"class_list":["post-365","page","type-page","status-publish","has-post-thumbnail","hentry"],"taxonomy_info":[],"featured_image_src_large":["https:\/\/mlfx8jscstvv.i.optimole.com\/w:1024\/h:585\/q:mauto\/ig:avif\/https:\/\/ollabot.com\/wp-content\/uploads\/2024\/07\/terms-of-use.webp",1024,585,true],"author_info":{"display_name":"wp@dmin971","author_link":"https:\/\/ollabot.com\/fr\/author\/wpdmin971\/"},"comment_info":0,"_links":{"self":[{"href":"https:\/\/ollabot.com\/fr\/wp-json\/wp\/v2\/pages\/365","targetHints":{"allow":["GET"]}}],"collection":[{"href":"https:\/\/ollabot.com\/fr\/wp-json\/wp\/v2\/pages"}],"about":[{"href":"https:\/\/ollabot.com\/fr\/wp-json\/wp\/v2\/types\/page"}],"author":[{"embeddable":true,"href":"https:\/\/ollabot.com\/fr\/wp-json\/wp\/v2\/users\/1"}],"replies":[{"embeddable":true,"href":"https:\/\/ollabot.com\/fr\/wp-json\/wp\/v2\/comments?post=365"}],"version-history":[{"count":0,"href":"https:\/\/ollabot.com\/fr\/wp-json\/wp\/v2\/pages\/365\/revisions"}],"wp:featuredmedia":[{"embeddable":true,"href":"https:\/\/ollabot.com\/fr\/wp-json\/wp\/v2\/media\/1276"}],"wp:attachment":[{"href":"https:\/\/ollabot.com\/fr\/wp-json\/wp\/v2\/media?parent=365"}],"curies":[{"name":"wp","href":"https:\/\/api.w.org\/{rel}","templated":true}]}}