{"id":359,"date":"2024-03-26T08:59:07","date_gmt":"2024-03-26T08:59:07","guid":{"rendered":"https:\/\/www.ollabot.com\/?page_id=359"},"modified":"2024-10-31T20:30:56","modified_gmt":"2024-10-31T20:30:56","slug":"legal-notice","status":"publish","type":"page","link":"https:\/\/ollabot.com\/fr\/mention-legale\/","title":{"rendered":"Mention l\u00e9gale"},"content":{"rendered":"<style>.kb-image359_65044d-c3 .kb-image-has-overlay:after{opacity:0.3;}<\/style>\n<figure class=\"wp-block-kadence-image kb-image359_65044d-c3 size-large\"><img data-opt-id=1763401398  fetchpriority=\"high\" decoding=\"async\" width=\"1024\" height=\"585\" src=\"https:\/\/mlfx8jscstvv.i.optimole.com\/w:1024\/h:585\/q:mauto\/ig:avif\/https:\/\/ollabot.com\/wp-content\/uploads\/2024\/07\/logal-notice-ollabot.webp\" alt=\"mention l\u00e9gale\" class=\"kb-img wp-image-1269\" srcset=\"https:\/\/mlfx8jscstvv.i.optimole.com\/w:1024\/h:585\/q:mauto\/ig:avif\/https:\/\/ollabot.com\/wp-content\/uploads\/2024\/07\/logal-notice-ollabot.webp 1024w, https:\/\/mlfx8jscstvv.i.optimole.com\/w:300\/h:171\/q:mauto\/ig:avif\/https:\/\/ollabot.com\/wp-content\/uploads\/2024\/07\/logal-notice-ollabot.webp 300w, https:\/\/mlfx8jscstvv.i.optimole.com\/w:768\/h:439\/q:mauto\/ig:avif\/https:\/\/ollabot.com\/wp-content\/uploads\/2024\/07\/logal-notice-ollabot.webp 768w, https:\/\/mlfx8jscstvv.i.optimole.com\/w:1536\/h:878\/q:mauto\/ig:avif\/https:\/\/ollabot.com\/wp-content\/uploads\/2024\/07\/logal-notice-ollabot.webp 1536w, https:\/\/mlfx8jscstvv.i.optimole.com\/w:18\/h:10\/q:mauto\/ig:avif\/dpr:2\/https:\/\/ollabot.com\/wp-content\/uploads\/2024\/07\/logal-notice-ollabot.webp 18w, https:\/\/mlfx8jscstvv.i.optimole.com\/w:150\/h:86\/q:mauto\/ig:avif\/https:\/\/ollabot.com\/wp-content\/uploads\/2024\/07\/logal-notice-ollabot.webp 150w, https:\/\/mlfx8jscstvv.i.optimole.com\/w:1792\/h:1024\/q:mauto\/ig:avif\/https:\/\/ollabot.com\/wp-content\/uploads\/2024\/07\/logal-notice-ollabot.webp 1792w\" sizes=\"(max-width: 1024px) 100vw, 1024px\" \/><\/figure>\n\n\n\n<h4 class=\"wp-block-heading\">Identification de l&#039;\u00e9diteur<\/h4>\n\n\n\n<p><strong>Nom de l&#039;entreprise:<\/strong> Ollabot<br><strong>Forme juridique:<\/strong> Soci\u00e9t\u00e9 par Actions Simplifi\u00e9e (SAS) \u00e0 actionnaire unique<br><strong>Partage le capital:<\/strong> 100 000 euros<br><strong>Adresse du si\u00e8ge social\u00a0:<\/strong> 13 Ter-15 Rue Auguste Gervais, 92130 Issy-les-Moulineaux, France<br><strong>Num\u00e9ro d&#039;immatriculation RCS :<\/strong> 987 797 602 RCS Nanterre<br><strong>Num\u00e9ro de TVA intracommunautaire : FR41987797602<\/strong> FR41987797602<br><strong>Directeur de publication :<\/strong> Michael AGNASSIA, en tant que pr\u00e9sident<br><strong>Contact:<\/strong> E-mail - <a>contact@ollabot.com<\/a><\/p>\n\n\n\n<h4 class=\"wp-block-heading\">H\u00e9bergement de sites Web<\/h4>\n\n\n\n<p><strong>Nom d&#039;h\u00f4te\u00a0:<\/strong> Cloudflare, Inc.<br><strong>Adresse de l&#039;h\u00f4te:<\/strong> 101 Townsend St, San Francisco, Californie 94107, \u00c9tats-Unis<br><strong>Contact h\u00f4te\u00a0:<\/strong> <a class=\"ek-link\">https:\/\/www.cloudflare.com\/contact\/<\/a><\/p>\n\n\n\n<h4 class=\"wp-block-heading\">Propri\u00e9t\u00e9 intellectuelle<\/h4>\n\n\n\n<p>Le contenu du site Ollabot, y compris, mais sans s&#039;y limiter, les textes, graphiques, images, vid\u00e9os et ic\u00f4nes, est prot\u00e9g\u00e9 par le droit d&#039;auteur, <a href=\"https:\/\/en.wikipedia.org\/wiki\/Trademark\" target=\"_blank\" rel=\"noopener\">marque d\u00e9pos\u00e9e<\/a> droit de propri\u00e9t\u00e9 intellectuelle, ainsi que tous autres droits de propri\u00e9t\u00e9 intellectuelle. Ollabot d\u00e9tient les droits d&#039;usage sur tout le contenu du site, \u00e0 l&#039;exception des \u00e9l\u00e9ments appartenant \u00e0 des tiers ayant autoris\u00e9 Ollabot \u00e0 les utiliser. Toute reproduction, repr\u00e9sentation, modification, publication, adaptation de tout ou partie des \u00e9l\u00e9ments du site, par quelque moyen ou proc\u00e9d\u00e9 que ce soit, est interdite, sauf autorisation \u00e9crite pr\u00e9alable. <a class=\"ek-link\" href=\"https:\/\/ollabot.com\/terms-of-use\/\">autorisation<\/a> d&#039;Ollabot.<\/p>\n\n\n\n<h4 class=\"wp-block-heading\">Responsabilit\u00e9<\/h4>\n\n\n\n<p>Ollabot s&#039;efforce d&#039;assurer l&#039;exactitude et la mise \u00e0 jour des informations publi\u00e9es sur son site. Toutefois, Ollabot ne peut garantir l&#039;exactitude, la pr\u00e9cision ou l&#039;exhaustivit\u00e9 des informations mises \u00e0 disposition sur le site. Les informations fournies sur le site sont indicatives et peuvent \u00e9voluer. Par ailleurs, Ollabot ne pourra \u00eatre tenu responsable des dommages directs ou indirects caus\u00e9s au mat\u00e9riel de l&#039;utilisateur lors de l&#039;acc\u00e8s au site Ollabot.<\/p>\n\n\n\n<h4 class=\"wp-block-heading\">Modification des mentions l\u00e9gales<\/h4>\n\n\n\n<p>R\u00e9serves d&#039;Ollabot <a href=\"https:\/\/ollabot.com\/privacy-policy\/\">le droit<\/a> de modifier les mentions l\u00e9gales \u00e0 tout moment et sans pr\u00e9avis. Les utilisateurs sont invit\u00e9s \u00e0 les consulter r\u00e9guli\u00e8rement afin de prendre connaissance de ces modifications.<\/p>\n\n\n\n<h4 class=\"wp-block-heading\">Loi applicable et juridiction<\/h4>\n\n\n\n<p>Tout litige en relation avec l&#039;utilisation du site Ollabot est soumis au droit fran\u00e7ais. En cas de litige, une solution amiable sera recherch\u00e9e avant toute action judiciaire. A d\u00e9faut d&#039;accord, les tribunaux fran\u00e7ais seront seuls comp\u00e9tents pour conna\u00eetre de ce litige.<\/p>","protected":false},"excerpt":{"rendered":"<p>Identification de l&#039;\u00e9diteur Raison sociale : OllabotForme juridique : Soci\u00e9t\u00e9 par actions simplifi\u00e9e (SAS) \u00e0 associ\u00e9 uniqueCapital social : 100 000 eurosAdresse du si\u00e8ge social : 13 Ter-15 Rue Auguste Gervais, 92130 Issy-les-Moulineaux, FranceNum\u00e9ro d&#039;immatriculation RCS : 987 797 602 RCS NanterreNum\u00e9ro de TVA intracommunautaire : FR41987797602Directeur de la publication : Michael AGNASSIA, en qualit\u00e9 de Pr\u00e9sidentContact : E-mail \u2013 contact@ollabot.com Nom de l&#039;h\u00e9bergeur du site web : Cloudflare, Inc.Adresse de l&#039;h\u00e9bergeur : 101\u2026<\/p>","protected":false},"author":1,"featured_media":1269,"parent":0,"menu_order":0,"comment_status":"closed","ping_status":"closed","template":"","meta":{"_editorskit_title_hidden":false,"_editorskit_reading_time":0,"_editorskit_is_block_options_detached":false,"_editorskit_block_options_position":"{}","_kad_blocks_custom_css":"","_kad_blocks_head_custom_js":"","_kad_blocks_body_custom_js":"","_kad_blocks_footer_custom_js":"","_kad_post_transparent":"","_kad_post_title":"","_kad_post_layout":"","_kad_post_sidebar_id":"","_kad_post_content_style":"","_kad_post_vertical_padding":"","_kad_post_feature":"","_kad_post_feature_position":"","_kad_post_header":false,"_kad_post_footer":false,"_kad_post_classname":"","footnotes":""},"class_list":["post-359","page","type-page","status-publish","has-post-thumbnail","hentry"],"taxonomy_info":[],"featured_image_src_large":["https:\/\/mlfx8jscstvv.i.optimole.com\/w:1024\/h:585\/q:mauto\/ig:avif\/https:\/\/ollabot.com\/wp-content\/uploads\/2024\/07\/logal-notice-ollabot.webp",1024,585,true],"author_info":{"display_name":"wp@dmin971","author_link":"https:\/\/ollabot.com\/fr\/author\/wpdmin971\/"},"comment_info":0,"_links":{"self":[{"href":"https:\/\/ollabot.com\/fr\/wp-json\/wp\/v2\/pages\/359","targetHints":{"allow":["GET"]}}],"collection":[{"href":"https:\/\/ollabot.com\/fr\/wp-json\/wp\/v2\/pages"}],"about":[{"href":"https:\/\/ollabot.com\/fr\/wp-json\/wp\/v2\/types\/page"}],"author":[{"embeddable":true,"href":"https:\/\/ollabot.com\/fr\/wp-json\/wp\/v2\/users\/1"}],"replies":[{"embeddable":true,"href":"https:\/\/ollabot.com\/fr\/wp-json\/wp\/v2\/comments?post=359"}],"version-history":[{"count":0,"href":"https:\/\/ollabot.com\/fr\/wp-json\/wp\/v2\/pages\/359\/revisions"}],"wp:featuredmedia":[{"embeddable":true,"href":"https:\/\/ollabot.com\/fr\/wp-json\/wp\/v2\/media\/1269"}],"wp:attachment":[{"href":"https:\/\/ollabot.com\/fr\/wp-json\/wp\/v2\/media?parent=359"}],"curies":[{"name":"wp","href":"https:\/\/api.w.org\/{rel}","templated":true}]}}