{"id":3,"date":"2024-03-12T13:08:23","date_gmt":"2024-03-12T13:08:23","guid":{"rendered":"http:\/\/ollabot.com\/?page_id=3"},"modified":"2024-10-31T20:33:11","modified_gmt":"2024-10-31T20:33:11","slug":"privacy-policy","status":"publish","type":"page","link":"https:\/\/ollabot.com\/fr\/politique-de-confidentialite\/","title":{"rendered":"politique de confidentialit\u00e9"},"content":{"rendered":"<style>.kb-image3_fa63f7-27 .kb-image-has-overlay:after{opacity:0.3;}<\/style>\n<figure class=\"wp-block-kadence-image kb-image3_fa63f7-27 size-large\"><img data-opt-id=1278248475  fetchpriority=\"high\" decoding=\"async\" width=\"1024\" height=\"585\" src=\"https:\/\/mlfx8jscstvv.i.optimole.com\/w:1024\/h:585\/q:mauto\/ig:avif\/https:\/\/ollabot.com\/wp-content\/uploads\/2024\/07\/privacy-policy.webp\" alt=\"politique de confidentialit\u00e9\" class=\"kb-img wp-image-1273\" srcset=\"https:\/\/mlfx8jscstvv.i.optimole.com\/w:1024\/h:585\/q:mauto\/ig:avif\/https:\/\/ollabot.com\/wp-content\/uploads\/2024\/07\/privacy-policy.webp 1024w, https:\/\/mlfx8jscstvv.i.optimole.com\/w:300\/h:171\/q:mauto\/ig:avif\/https:\/\/ollabot.com\/wp-content\/uploads\/2024\/07\/privacy-policy.webp 300w, https:\/\/mlfx8jscstvv.i.optimole.com\/w:768\/h:439\/q:mauto\/ig:avif\/https:\/\/ollabot.com\/wp-content\/uploads\/2024\/07\/privacy-policy.webp 768w, https:\/\/mlfx8jscstvv.i.optimole.com\/w:1536\/h:878\/q:mauto\/ig:avif\/https:\/\/ollabot.com\/wp-content\/uploads\/2024\/07\/privacy-policy.webp 1536w, https:\/\/mlfx8jscstvv.i.optimole.com\/w:18\/h:10\/q:mauto\/ig:avif\/dpr:2\/https:\/\/ollabot.com\/wp-content\/uploads\/2024\/07\/privacy-policy.webp 18w, https:\/\/mlfx8jscstvv.i.optimole.com\/w:150\/h:86\/q:mauto\/ig:avif\/https:\/\/ollabot.com\/wp-content\/uploads\/2024\/07\/privacy-policy.webp 150w, https:\/\/mlfx8jscstvv.i.optimole.com\/w:1792\/h:1024\/q:mauto\/ig:avif\/https:\/\/ollabot.com\/wp-content\/uploads\/2024\/07\/privacy-policy.webp 1792w\" sizes=\"(max-width: 1024px) 100vw, 1024px\" \/><\/figure>\n\n\n\n<h4 class=\"wp-block-heading\">Introduction \u00e0 la politique de confidentialit\u00e9<\/h4>\n\n\n\n<p>\u00c0 Ollabo<a class=\"ek-link\" href=\"https:\/\/ollabot.com\/legal-notice\/\">t<\/a>, nous nous engageons \u00e0 prot\u00e9ger la vie priv\u00e9e de nos utilisateurs. Cette politique vise \u00e0 vous informer sur les pratiques concernant la collecte, l&#039;utilisation et le partage des informations que vous pouvez fournir via notre site Web.<\/p>\n\n\n\n<h4 class=\"wp-block-heading\">Collecte de donn\u00e9es<\/h4>\n\n\n\n<p><strong>Donn\u00e9es personnelles:<\/strong> Lors de votre utilisation de notre site, il peut vous \u00eatre demand\u00e9 de nous fournir des informations personnelles telles que votre nom, votre adresse email, votre num\u00e9ro de t\u00e9l\u00e9phone lors de la cr\u00e9ation d&#039;un compte utilisateur, de l&#039;inscription \u00e0 notre newsletter ou de l&#039;utilisation de nos services.<\/p>\n\n\n\n<p><strong>Donn\u00e9es de navigation\u00a0:<\/strong> Nous avons aussi <a href=\"https:\/\/en.wikipedia.org\/wiki\/Data_collection\" class=\"ek-link\" target=\"_blank\" rel=\"noopener\">recueillir des informations<\/a> li\u00e9s \u00e0 votre utilisation du site, comme votre adresse IP, les pages consult\u00e9es, les temps de connexion, gr\u00e2ce \u00e0 l&#039;utilisation de cookies et technologies similaires.<\/p>\n\n\n\n<h4 class=\"wp-block-heading\">Utilisation des donn\u00e9es<\/h4>\n\n\n\n<p>Vos donn\u00e9es sont collect\u00e9es pour permettre :<\/p>\n\n\n\n<ul class=\"wp-block-list\">\n<li>La fourniture et l&#039;am\u00e9lioration de nos services\u00a0;<\/li>\n\n\n\n<li>La gestion de votre compte et de vos demandes ;<\/li>\n\n\n\n<li>Envoi de communications marketing, sous r\u00e9serve de votre consentement\u00a0;<\/li>\n\n\n\n<li>R\u00e9alisation d&#039;analyses statistiques.<\/li>\n<\/ul>\n\n\n\n<h4 class=\"wp-block-heading\">Partage de donn\u00e9es<\/h4>\n\n\n\n<p>Nous nous engageons \u00e0 ne pas vendre, louer, partager ou divulguer vos donn\u00e9es personnelles \u00e0 des tiers, sauf dans les cas suivants :<\/p>\n\n\n\n<ul class=\"wp-block-list\">\n<li>Les prestataires de services agissant en notre nom\u00a0;<\/li>\n\n\n\n<li>Respect des obligations l\u00e9gales, pour r\u00e9pondre \u00e0 une d\u00e9cision judiciaire ou <a href=\"https:\/\/ollabot.com\/legal-notice\/\">l\u00e9gal<\/a> processus.<\/li>\n<\/ul>\n\n\n\n<h4 class=\"wp-block-heading\">S\u00e9curit\u00e9<\/h4>\n\n\n\n<p>Nous mettons en \u0153uvre des mesures de s\u00e9curit\u00e9 pour prot\u00e9ger vos donn\u00e9es personnelles contre tout acc\u00e8s, alt\u00e9ration, divulgation ou destruction non autoris\u00e9s.<\/p>\n\n\n\n<h4 class=\"wp-block-heading\">Tes droits<\/h4>\n\n\n\n<p>Conform\u00e9ment \u00e0 la l\u00e9gislation en vigueur, vous disposez d&#039;un droit d&#039;acc\u00e8s, de rectification, de suppression et d&#039;opposition au traitement de vos donn\u00e9es personnelles. Pour exercer ces droits, veuillez nous contacter \u00e0 l&#039;adresse email : <a class=\"ek-link\">contact@ollabot.com<\/a>.<\/p>","protected":false},"excerpt":{"rendered":"<p>Introduction \u00e0 la politique de confidentialit\u00e9 Chez Ollabot, nous nous engageons \u00e0 prot\u00e9ger la confidentialit\u00e9 de nos utilisateurs. Cette politique vise \u00e0 vous informer sur les pratiques concernant la collecte, l&#039;utilisation et le partage des informations que vous pouvez fournir via notre site Web. Collecte de donn\u00e9es Donn\u00e9es personnelles : Lorsque vous utilisez notre site, il peut vous \u00eatre demand\u00e9 de nous fournir\u2026<\/p>","protected":false},"author":1,"featured_media":1273,"parent":0,"menu_order":0,"comment_status":"closed","ping_status":"closed","template":"","meta":{"_editorskit_title_hidden":false,"_editorskit_reading_time":0,"_editorskit_is_block_options_detached":false,"_editorskit_block_options_position":"{}","_kad_blocks_custom_css":"","_kad_blocks_head_custom_js":"","_kad_blocks_body_custom_js":"","_kad_blocks_footer_custom_js":"","_kad_post_transparent":"","_kad_post_title":"","_kad_post_layout":"","_kad_post_sidebar_id":"","_kad_post_content_style":"","_kad_post_vertical_padding":"","_kad_post_feature":"","_kad_post_feature_position":"","_kad_post_header":false,"_kad_post_footer":false,"_kad_post_classname":"","footnotes":""},"class_list":["post-3","page","type-page","status-publish","has-post-thumbnail","hentry"],"taxonomy_info":[],"featured_image_src_large":["https:\/\/mlfx8jscstvv.i.optimole.com\/w:1024\/h:585\/q:mauto\/ig:avif\/https:\/\/ollabot.com\/wp-content\/uploads\/2024\/07\/privacy-policy.webp",1024,585,true],"author_info":{"display_name":"wp@dmin971","author_link":"https:\/\/ollabot.com\/fr\/author\/wpdmin971\/"},"comment_info":0,"_links":{"self":[{"href":"https:\/\/ollabot.com\/fr\/wp-json\/wp\/v2\/pages\/3","targetHints":{"allow":["GET"]}}],"collection":[{"href":"https:\/\/ollabot.com\/fr\/wp-json\/wp\/v2\/pages"}],"about":[{"href":"https:\/\/ollabot.com\/fr\/wp-json\/wp\/v2\/types\/page"}],"author":[{"embeddable":true,"href":"https:\/\/ollabot.com\/fr\/wp-json\/wp\/v2\/users\/1"}],"replies":[{"embeddable":true,"href":"https:\/\/ollabot.com\/fr\/wp-json\/wp\/v2\/comments?post=3"}],"version-history":[{"count":0,"href":"https:\/\/ollabot.com\/fr\/wp-json\/wp\/v2\/pages\/3\/revisions"}],"wp:featuredmedia":[{"embeddable":true,"href":"https:\/\/ollabot.com\/fr\/wp-json\/wp\/v2\/media\/1273"}],"wp:attachment":[{"href":"https:\/\/ollabot.com\/fr\/wp-json\/wp\/v2\/media?parent=3"}],"curies":[{"name":"wp","href":"https:\/\/api.w.org\/{rel}","templated":true}]}}