{"id":365,"date":"2024-03-26T09:05:06","date_gmt":"2024-03-26T09:05:06","guid":{"rendered":"https:\/\/www.ollabot.com\/?page_id=365"},"modified":"2024-10-31T20:35:21","modified_gmt":"2024-10-31T20:35:21","slug":"terms-of-use","status":"publish","type":"page","link":"https:\/\/ollabot.com\/es\/condiciones-de-uso\/","title":{"rendered":"Condiciones de uso"},"content":{"rendered":"<style>.kb-image365_fa90fc-c0 .kb-image-has-overlay:after{opacity:0.3;}<\/style>\n<figure class=\"wp-block-kadence-image kb-image365_fa90fc-c0 size-large\"><img data-opt-id=1573221278  fetchpriority=\"high\" decoding=\"async\" width=\"1024\" height=\"585\" src=\"https:\/\/mlfx8jscstvv.i.optimole.com\/w:1024\/h:585\/q:mauto\/ig:avif\/https:\/\/ollabot.com\/wp-content\/uploads\/2024\/07\/terms-of-use.webp\" alt=\"condiciones de uso\" class=\"kb-img wp-image-1276\" srcset=\"https:\/\/mlfx8jscstvv.i.optimole.com\/w:1024\/h:585\/q:mauto\/ig:avif\/https:\/\/ollabot.com\/wp-content\/uploads\/2024\/07\/terms-of-use.webp 1024w, https:\/\/mlfx8jscstvv.i.optimole.com\/w:300\/h:171\/q:mauto\/ig:avif\/https:\/\/ollabot.com\/wp-content\/uploads\/2024\/07\/terms-of-use.webp 300w, https:\/\/mlfx8jscstvv.i.optimole.com\/w:768\/h:439\/q:mauto\/ig:avif\/https:\/\/ollabot.com\/wp-content\/uploads\/2024\/07\/terms-of-use.webp 768w, https:\/\/mlfx8jscstvv.i.optimole.com\/w:1536\/h:878\/q:mauto\/ig:avif\/https:\/\/ollabot.com\/wp-content\/uploads\/2024\/07\/terms-of-use.webp 1536w, https:\/\/mlfx8jscstvv.i.optimole.com\/w:18\/h:10\/q:mauto\/ig:avif\/dpr:2\/https:\/\/ollabot.com\/wp-content\/uploads\/2024\/07\/terms-of-use.webp 18w, https:\/\/mlfx8jscstvv.i.optimole.com\/w:150\/h:86\/q:mauto\/ig:avif\/https:\/\/ollabot.com\/wp-content\/uploads\/2024\/07\/terms-of-use.webp 150w, https:\/\/mlfx8jscstvv.i.optimole.com\/w:1792\/h:1024\/q:mauto\/ig:avif\/https:\/\/ollabot.com\/wp-content\/uploads\/2024\/07\/terms-of-use.webp 1792w\" sizes=\"(max-width: 1024px) 100vw, 1024px\" \/><\/figure>\n\n\n\n<h4 class=\"wp-block-heading\">Aceptaci\u00f3n<\/h4>\n\n\n\n<p>El uso del sitio web de Ollabot implica la aceptaci\u00f3n plena y completa de las siguientes <a href=\"https:\/\/en.wikipedia.org\/wiki\/Wikipedia:Terms_of_use\" class=\"ek-link\" target=\"_blank\" rel=\"noopener\">condiciones de uso<\/a>. Estas condiciones podr\u00e1n ser modificadas o complementadas en cualquier momento.<\/p>\n\n\n\n<h4 class=\"wp-block-heading\">Uso del Servicio<\/h4>\n\n\n\n<p>El sitio Ollabot permite al usuario acceder gratuitamente a los siguientes servicios: informaci\u00f3n de la empresa, suscripci\u00f3n al newsletter, contacto. El sitio es accesible de forma gratuita desde cualquier lugar para cualquier usuario con acceso a Internet.<\/p>\n\n\n\n<h4 class=\"wp-block-heading\">Propiedad intelectual<\/h4>\n\n\n\n<p>El sitio y cada uno de sus componentes, incluidos textos, art\u00edculos, im\u00e1genes, videos, logotipos, est\u00e1n protegidos por la ley de propiedad intelectual. El usuario no deber\u00e1 de ning\u00fan modo reproducir, modificar, transferir, explotar o utilizar estos elementos sin el consentimiento previo por escrito de Ollabot.<\/p>\n\n\n\n<h4 class=\"wp-block-heading\">Limitaciones de responsabilidad<\/h4>\n\n\n\n<p>Ollabot no se hace responsable de da\u00f1os directos o indirectos al equipo del usuario al acceder al sitio. Los hiperv\u00ednculos pueden conducir a otros sitios distintos de Ollabot. Ollabot se exime de cualquier responsabilidad en caso de que el contenido de estos sitios viole las leyes vigentes.<\/p>\n\n\n\n<h4 class=\"wp-block-heading\">Modificaci\u00f3n de T\u00e9rminos<\/h4>\n\n\n\n<p>Ollabot se reserva el derecho de modificar las cl\u00e1usulas de estas condiciones de uso en cualquier momento y sin justificaci\u00f3n.<\/p>\n\n\n\n<p>Estos documentos est\u00e1n pensados como marco de referencia para sus pr\u00e1cticas en l\u00ednea. Es fundamental adaptarlos espec\u00edficamente a su contexto y actualizarlos peri\u00f3dicamente para cumplir con las leyes y regulaciones. <a href=\"https:\/\/ollabot.com\/legal-notice\/\">consejo<\/a> Se recomienda encarecidamente garantizar su precisi\u00f3n y cumplimiento.<\/p>\n\n\n\n<p><\/p>","protected":false},"excerpt":{"rendered":"<p>Aceptaci\u00f3n El uso del sitio web de Ollabot implica la aceptaci\u00f3n plena y completa de las siguientes condiciones de uso. Estas condiciones pueden ser modificadas o completadas en cualquier momento. Uso del Servicio El sitio de Ollabot permite al usuario el acceso gratuito a los siguientes servicios: informaci\u00f3n de la empresa, suscripci\u00f3n a la newsletter, contacto. El sitio es accesible de forma gratuita\u2026<\/p>","protected":false},"author":1,"featured_media":1276,"parent":0,"menu_order":0,"comment_status":"closed","ping_status":"closed","template":"","meta":{"_editorskit_title_hidden":false,"_editorskit_reading_time":0,"_editorskit_is_block_options_detached":false,"_editorskit_block_options_position":"{}","_kad_blocks_custom_css":"","_kad_blocks_head_custom_js":"","_kad_blocks_body_custom_js":"","_kad_blocks_footer_custom_js":"","_kad_post_transparent":"","_kad_post_title":"","_kad_post_layout":"","_kad_post_sidebar_id":"","_kad_post_content_style":"","_kad_post_vertical_padding":"","_kad_post_feature":"","_kad_post_feature_position":"","_kad_post_header":false,"_kad_post_footer":false,"_kad_post_classname":"","footnotes":""},"class_list":["post-365","page","type-page","status-publish","has-post-thumbnail","hentry"],"taxonomy_info":[],"featured_image_src_large":["https:\/\/mlfx8jscstvv.i.optimole.com\/w:1024\/h:585\/q:mauto\/ig:avif\/https:\/\/ollabot.com\/wp-content\/uploads\/2024\/07\/terms-of-use.webp",1024,585,true],"author_info":{"display_name":"wp@dmin971","author_link":"https:\/\/ollabot.com\/es\/author\/wpdmin971\/"},"comment_info":0,"_links":{"self":[{"href":"https:\/\/ollabot.com\/es\/wp-json\/wp\/v2\/pages\/365","targetHints":{"allow":["GET"]}}],"collection":[{"href":"https:\/\/ollabot.com\/es\/wp-json\/wp\/v2\/pages"}],"about":[{"href":"https:\/\/ollabot.com\/es\/wp-json\/wp\/v2\/types\/page"}],"author":[{"embeddable":true,"href":"https:\/\/ollabot.com\/es\/wp-json\/wp\/v2\/users\/1"}],"replies":[{"embeddable":true,"href":"https:\/\/ollabot.com\/es\/wp-json\/wp\/v2\/comments?post=365"}],"version-history":[{"count":0,"href":"https:\/\/ollabot.com\/es\/wp-json\/wp\/v2\/pages\/365\/revisions"}],"wp:featuredmedia":[{"embeddable":true,"href":"https:\/\/ollabot.com\/es\/wp-json\/wp\/v2\/media\/1276"}],"wp:attachment":[{"href":"https:\/\/ollabot.com\/es\/wp-json\/wp\/v2\/media?parent=365"}],"curies":[{"name":"gracias","href":"https:\/\/api.w.org\/{rel}","templated":true}]}}