{"id":359,"date":"2024-03-26T08:59:07","date_gmt":"2024-03-26T08:59:07","guid":{"rendered":"https:\/\/www.ollabot.com\/?page_id=359"},"modified":"2024-10-31T20:30:56","modified_gmt":"2024-10-31T20:30:56","slug":"legal-notice","status":"publish","type":"page","link":"https:\/\/ollabot.com\/es\/aviso-legal\/","title":{"rendered":"Aviso Legal"},"content":{"rendered":"<style>.kb-image359_65044d-c3 .kb-image-has-overlay:after{opacity:0.3;}<\/style>\n<figure class=\"wp-block-kadence-image kb-image359_65044d-c3 size-large\"><img data-opt-id=1763401398  fetchpriority=\"high\" decoding=\"async\" width=\"1024\" height=\"585\" src=\"https:\/\/mlfx8jscstvv.i.optimole.com\/w:1024\/h:585\/q:mauto\/ig:avif\/https:\/\/ollabot.com\/wp-content\/uploads\/2024\/07\/logal-notice-ollabot.webp\" alt=\"aviso Legal\" class=\"kb-img wp-image-1269\" srcset=\"https:\/\/mlfx8jscstvv.i.optimole.com\/w:1024\/h:585\/q:mauto\/ig:avif\/https:\/\/ollabot.com\/wp-content\/uploads\/2024\/07\/logal-notice-ollabot.webp 1024w, https:\/\/mlfx8jscstvv.i.optimole.com\/w:300\/h:171\/q:mauto\/ig:avif\/https:\/\/ollabot.com\/wp-content\/uploads\/2024\/07\/logal-notice-ollabot.webp 300w, https:\/\/mlfx8jscstvv.i.optimole.com\/w:768\/h:439\/q:mauto\/ig:avif\/https:\/\/ollabot.com\/wp-content\/uploads\/2024\/07\/logal-notice-ollabot.webp 768w, https:\/\/mlfx8jscstvv.i.optimole.com\/w:1536\/h:878\/q:mauto\/ig:avif\/https:\/\/ollabot.com\/wp-content\/uploads\/2024\/07\/logal-notice-ollabot.webp 1536w, https:\/\/mlfx8jscstvv.i.optimole.com\/w:18\/h:10\/q:mauto\/ig:avif\/dpr:2\/https:\/\/ollabot.com\/wp-content\/uploads\/2024\/07\/logal-notice-ollabot.webp 18w, https:\/\/mlfx8jscstvv.i.optimole.com\/w:150\/h:86\/q:mauto\/ig:avif\/https:\/\/ollabot.com\/wp-content\/uploads\/2024\/07\/logal-notice-ollabot.webp 150w, https:\/\/mlfx8jscstvv.i.optimole.com\/w:1792\/h:1024\/q:mauto\/ig:avif\/https:\/\/ollabot.com\/wp-content\/uploads\/2024\/07\/logal-notice-ollabot.webp 1792w\" sizes=\"(max-width: 1024px) 100vw, 1024px\" \/><\/figure>\n\n\n\n<h4 class=\"wp-block-heading\">Identificaci\u00f3n del editor<\/h4>\n\n\n\n<p><strong>Nombre de empresa:<\/strong> Ollabot<br><strong>Forma jur\u00eddica:<\/strong> Sociedad por Acciones Simplificada (SAS) de un solo accionista<br><strong>Capital social:<\/strong> 100.000 euros<br><strong>Direcci\u00f3n del domicilio social:<\/strong> 13 Ter-15 Rue Auguste Gervais, 92130 Issy-les-Moulineaux, Francia<br><strong>N\u00famero de registro RCS:<\/strong> 987 797 602 RCS Nanterre<br><strong>N\u00famero de IVA intracomunitario: FR41987797602<\/strong> FR41987797602<br><strong>Director de Publicaci\u00f3n:<\/strong> Michael AGNASSIA, como Presidente<br><strong>Contacto:<\/strong> Correo electr\u00f3nico - <a>contact@ollabot.com<\/a><\/p>\n\n\n\n<h4 class=\"wp-block-heading\">Alojamiento de p\u00e1ginas web<\/h4>\n\n\n\n<p><strong>Nombre del anfitri\u00f3n:<\/strong> Cloudflare, Inc.<br><strong>Direcci\u00f3n del servidor:<\/strong> 101 Townsend St, San Francisco, CA 94107, EE. UU.<br><strong>Contacto del anfitri\u00f3n:<\/strong> <a class=\"ek-link\">https:\/\/www.cloudflare.com\/contact\/<\/a><\/p>\n\n\n\n<h4 class=\"wp-block-heading\">Propiedad intelectual<\/h4>\n\n\n\n<p>El contenido del sitio de Ollabot, incluidos, entre otros, textos, gr\u00e1ficos, im\u00e1genes, videos e \u00edconos, est\u00e1 protegido por derechos de autor. <a href=\"https:\/\/en.wikipedia.org\/wiki\/Trademark\" target=\"_blank\" rel=\"noopener\">marca<\/a> Ley y todos los dem\u00e1s derechos de propiedad intelectual. Ollabot posee los derechos de uso de todo el contenido del sitio, a excepci\u00f3n de los elementos propiedad de terceros que han autorizado a Ollabot a utilizarlos. Queda prohibida cualquier reproducci\u00f3n, representaci\u00f3n, modificaci\u00f3n, publicaci\u00f3n, adaptaci\u00f3n de todo o parte de los elementos del sitio, por cualquier medio o procedimiento, salvo autorizaci\u00f3n previa por escrito. <a class=\"ek-link\" href=\"https:\/\/ollabot.com\/terms-of-use\/\">autorizaci\u00f3n<\/a> de Ollabot.<\/p>\n\n\n\n<h4 class=\"wp-block-heading\">Responsabilidad<\/h4>\n\n\n\n<p>Ollabot se esfuerza por garantizar la exactitud y actualizaci\u00f3n de la informaci\u00f3n publicada en su sitio. Sin embargo, Ollabot no puede garantizar la exactitud, precisi\u00f3n o exhaustividad de la informaci\u00f3n disponible en el sitio. La informaci\u00f3n proporcionada en el sitio es indicativa y puede cambiar. Adem\u00e1s, Ollabot no se hace responsable de los da\u00f1os directos o indirectos causados al equipo del usuario al acceder al sitio de Ollabot.<\/p>\n\n\n\n<h4 class=\"wp-block-heading\">Modificaci\u00f3n de Avisos Legales<\/h4>\n\n\n\n<p>Reservas de Ollabot <a href=\"https:\/\/ollabot.com\/privacy-policy\/\">el derecho<\/a> modificar los avisos legales en cualquier momento y sin previo aviso. Se recomienda a los usuarios que los consulten peri\u00f3dicamente para estar informados de dichas modificaciones.<\/p>\n\n\n\n<h4 class=\"wp-block-heading\">Ley Aplicable y Jurisdicci\u00f3n<\/h4>\n\n\n\n<p>Cualquier disputa relacionada con el uso del sitio Ollabot est\u00e1 sujeta a la ley francesa. En caso de controversia, se buscar\u00e1 una soluci\u00f3n amistosa antes de cualquier acci\u00f3n legal. A falta de acuerdo, los tribunales franceses tendr\u00e1n competencia exclusiva para conocer de este litigio.<\/p>","protected":false},"excerpt":{"rendered":"<p>Identificaci\u00f3n del editor Nombre de la empresa: Ollabot Forma jur\u00eddica: Sociedad an\u00f3nima simplificada (SAS) con un solo accionista Capital social: 100 000 euros Direcci\u00f3n del domicilio social: 13 Ter-15 Rue Auguste Gervais, 92130 Issy-les-Moulineaux, Francia N\u00famero de registro RCS: 987 797 602 RCS Nanterre N\u00famero de IVA intracomunitario: FR41987797602 Director de publicaci\u00f3n: Michael AGNASSIA, como presidente Contacto: Correo electr\u00f3nico: contact@ollabot.com Nombre del host de alojamiento del sitio web: Cloudflare, Inc. Direcci\u00f3n del host: 101\u2026<\/p>","protected":false},"author":1,"featured_media":1269,"parent":0,"menu_order":0,"comment_status":"closed","ping_status":"closed","template":"","meta":{"_editorskit_title_hidden":false,"_editorskit_reading_time":0,"_editorskit_is_block_options_detached":false,"_editorskit_block_options_position":"{}","_kad_blocks_custom_css":"","_kad_blocks_head_custom_js":"","_kad_blocks_body_custom_js":"","_kad_blocks_footer_custom_js":"","_kad_post_transparent":"","_kad_post_title":"","_kad_post_layout":"","_kad_post_sidebar_id":"","_kad_post_content_style":"","_kad_post_vertical_padding":"","_kad_post_feature":"","_kad_post_feature_position":"","_kad_post_header":false,"_kad_post_footer":false,"_kad_post_classname":"","footnotes":""},"class_list":["post-359","page","type-page","status-publish","has-post-thumbnail","hentry"],"taxonomy_info":[],"featured_image_src_large":["https:\/\/mlfx8jscstvv.i.optimole.com\/w:1024\/h:585\/q:mauto\/ig:avif\/https:\/\/ollabot.com\/wp-content\/uploads\/2024\/07\/logal-notice-ollabot.webp",1024,585,true],"author_info":{"display_name":"wp@dmin971","author_link":"https:\/\/ollabot.com\/es\/author\/wpdmin971\/"},"comment_info":0,"_links":{"self":[{"href":"https:\/\/ollabot.com\/es\/wp-json\/wp\/v2\/pages\/359","targetHints":{"allow":["GET"]}}],"collection":[{"href":"https:\/\/ollabot.com\/es\/wp-json\/wp\/v2\/pages"}],"about":[{"href":"https:\/\/ollabot.com\/es\/wp-json\/wp\/v2\/types\/page"}],"author":[{"embeddable":true,"href":"https:\/\/ollabot.com\/es\/wp-json\/wp\/v2\/users\/1"}],"replies":[{"embeddable":true,"href":"https:\/\/ollabot.com\/es\/wp-json\/wp\/v2\/comments?post=359"}],"version-history":[{"count":0,"href":"https:\/\/ollabot.com\/es\/wp-json\/wp\/v2\/pages\/359\/revisions"}],"wp:featuredmedia":[{"embeddable":true,"href":"https:\/\/ollabot.com\/es\/wp-json\/wp\/v2\/media\/1269"}],"wp:attachment":[{"href":"https:\/\/ollabot.com\/es\/wp-json\/wp\/v2\/media?parent=359"}],"curies":[{"name":"gracias","href":"https:\/\/api.w.org\/{rel}","templated":true}]}}