{"id":3,"date":"2024-03-12T13:08:23","date_gmt":"2024-03-12T13:08:23","guid":{"rendered":"http:\/\/ollabot.com\/?page_id=3"},"modified":"2024-10-31T20:33:11","modified_gmt":"2024-10-31T20:33:11","slug":"privacy-policy","status":"publish","type":"page","link":"https:\/\/ollabot.com\/es\/politica-de-privacidad\/","title":{"rendered":"pol\u00edtica de privacidad"},"content":{"rendered":"<style>.kb-image3_fa63f7-27 .kb-image-has-overlay:after{opacity:0.3;}<\/style>\n<figure class=\"wp-block-kadence-image kb-image3_fa63f7-27 size-large\"><img data-opt-id=1278248475  fetchpriority=\"high\" decoding=\"async\" width=\"1024\" height=\"585\" src=\"https:\/\/mlfx8jscstvv.i.optimole.com\/w:1024\/h:585\/q:mauto\/ig:avif\/https:\/\/ollabot.com\/wp-content\/uploads\/2024\/07\/privacy-policy.webp\" alt=\"pol\u00edtica de privacidad\" class=\"kb-img wp-image-1273\" srcset=\"https:\/\/mlfx8jscstvv.i.optimole.com\/w:1024\/h:585\/q:mauto\/ig:avif\/https:\/\/ollabot.com\/wp-content\/uploads\/2024\/07\/privacy-policy.webp 1024w, https:\/\/mlfx8jscstvv.i.optimole.com\/w:300\/h:171\/q:mauto\/ig:avif\/https:\/\/ollabot.com\/wp-content\/uploads\/2024\/07\/privacy-policy.webp 300w, https:\/\/mlfx8jscstvv.i.optimole.com\/w:768\/h:439\/q:mauto\/ig:avif\/https:\/\/ollabot.com\/wp-content\/uploads\/2024\/07\/privacy-policy.webp 768w, https:\/\/mlfx8jscstvv.i.optimole.com\/w:1536\/h:878\/q:mauto\/ig:avif\/https:\/\/ollabot.com\/wp-content\/uploads\/2024\/07\/privacy-policy.webp 1536w, https:\/\/mlfx8jscstvv.i.optimole.com\/w:18\/h:10\/q:mauto\/ig:avif\/dpr:2\/https:\/\/ollabot.com\/wp-content\/uploads\/2024\/07\/privacy-policy.webp 18w, https:\/\/mlfx8jscstvv.i.optimole.com\/w:150\/h:86\/q:mauto\/ig:avif\/https:\/\/ollabot.com\/wp-content\/uploads\/2024\/07\/privacy-policy.webp 150w, https:\/\/mlfx8jscstvv.i.optimole.com\/w:1792\/h:1024\/q:mauto\/ig:avif\/https:\/\/ollabot.com\/wp-content\/uploads\/2024\/07\/privacy-policy.webp 1792w\" sizes=\"(max-width: 1024px) 100vw, 1024px\" \/><\/figure>\n\n\n\n<h4 class=\"wp-block-heading\">Introducci\u00f3n a la pol\u00edtica de privacidad<\/h4>\n\n\n\n<p>En Ollabo<a class=\"ek-link\" href=\"https:\/\/ollabot.com\/legal-notice\/\">a<\/a>, estamos comprometidos a proteger la privacidad de nuestros usuarios. Esta pol\u00edtica tiene como objetivo informarle sobre las pr\u00e1cticas relacionadas con la recopilaci\u00f3n, el uso y el intercambio de informaci\u00f3n que puede proporcionar a trav\u00e9s de nuestro sitio web.<\/p>\n\n\n\n<h4 class=\"wp-block-heading\">Recopilaci\u00f3n de datos<\/h4>\n\n\n\n<p><strong>Informaci\u00f3n personal:<\/strong> Al utilizar nuestro sitio, es posible que se le solicite que nos proporcione informaci\u00f3n personal como su nombre, direcci\u00f3n de correo electr\u00f3nico, n\u00famero de tel\u00e9fono al crear una cuenta de usuario, suscribirse a nuestro bolet\u00edn informativo o utilizar nuestros servicios.<\/p>\n\n\n\n<p><strong>Datos de navegaci\u00f3n:<\/strong> Nosotros tambi\u00e9n <a href=\"https:\/\/en.wikipedia.org\/wiki\/Data_collection\" class=\"ek-link\" target=\"_blank\" rel=\"noopener\">recopilar informaci\u00f3n<\/a> relacionados con su uso del sitio, como su direcci\u00f3n IP, p\u00e1ginas visitadas, tiempos de conexi\u00f3n, mediante el uso de cookies y tecnolog\u00edas similares.<\/p>\n\n\n\n<h4 class=\"wp-block-heading\">Uso de datos<\/h4>\n\n\n\n<p>Sus datos se recopilan para permitir:<\/p>\n\n\n\n<ul class=\"wp-block-list\">\n<li>La prestaci\u00f3n y mejora de nuestros servicios;<\/li>\n\n\n\n<li>La gesti\u00f3n de su cuenta y solicitudes;<\/li>\n\n\n\n<li>Env\u00edo de comunicaciones de marketing, sujeto a su consentimiento;<\/li>\n\n\n\n<li>Realizaci\u00f3n de an\u00e1lisis estad\u00edsticos.<\/li>\n<\/ul>\n\n\n\n<h4 class=\"wp-block-heading\">Compartir datos<\/h4>\n\n\n\n<p>Nos comprometemos a no vender, alquilar, compartir o divulgar sus datos personales a terceros, excepto en los siguientes casos:<\/p>\n\n\n\n<ul class=\"wp-block-list\">\n<li>Proveedores de servicios que act\u00faan en nuestro nombre;<\/li>\n\n\n\n<li>Cumplimiento de obligaciones legales, para responder a una decisi\u00f3n judicial o <a href=\"https:\/\/ollabot.com\/legal-notice\/\">legal<\/a> proceso.<\/li>\n<\/ul>\n\n\n\n<h4 class=\"wp-block-heading\">Seguridad<\/h4>\n\n\n\n<p>Implementamos medidas de seguridad para proteger sus datos personales contra el acceso no autorizado, alteraci\u00f3n, divulgaci\u00f3n o destrucci\u00f3n.<\/p>\n\n\n\n<h4 class=\"wp-block-heading\">Tus derechos<\/h4>\n\n\n\n<p>De acuerdo con la legislaci\u00f3n vigente, usted tiene derecho a acceder, rectificar, suprimir y oponerse al tratamiento de sus datos personales. Para ejercer estos derechos, p\u00f3ngase en contacto con nosotros en la direcci\u00f3n de correo electr\u00f3nico: <a class=\"ek-link\">contact@ollabot.com<\/a>.<\/p>","protected":false},"excerpt":{"rendered":"<p>Introducci\u00f3n a la Pol\u00edtica de Privacidad En Ollabot, nos comprometemos a proteger la privacidad de nuestros usuarios. Esta pol\u00edtica tiene como objetivo informarle sobre las pr\u00e1cticas relacionadas con la recopilaci\u00f3n, el uso y el intercambio de informaci\u00f3n que pueda proporcionar a trav\u00e9s de nuestro sitio web. Recopilaci\u00f3n de datos Datos personales: Al utilizar nuestro sitio, es posible que se le solicite que nos proporcione\u2026<\/p>","protected":false},"author":1,"featured_media":1273,"parent":0,"menu_order":0,"comment_status":"closed","ping_status":"closed","template":"","meta":{"_editorskit_title_hidden":false,"_editorskit_reading_time":0,"_editorskit_is_block_options_detached":false,"_editorskit_block_options_position":"{}","_kad_blocks_custom_css":"","_kad_blocks_head_custom_js":"","_kad_blocks_body_custom_js":"","_kad_blocks_footer_custom_js":"","_kad_post_transparent":"","_kad_post_title":"","_kad_post_layout":"","_kad_post_sidebar_id":"","_kad_post_content_style":"","_kad_post_vertical_padding":"","_kad_post_feature":"","_kad_post_feature_position":"","_kad_post_header":false,"_kad_post_footer":false,"_kad_post_classname":"","footnotes":""},"class_list":["post-3","page","type-page","status-publish","has-post-thumbnail","hentry"],"taxonomy_info":[],"featured_image_src_large":["https:\/\/mlfx8jscstvv.i.optimole.com\/w:1024\/h:585\/q:mauto\/ig:avif\/https:\/\/ollabot.com\/wp-content\/uploads\/2024\/07\/privacy-policy.webp",1024,585,true],"author_info":{"display_name":"wp@dmin971","author_link":"https:\/\/ollabot.com\/es\/author\/wpdmin971\/"},"comment_info":0,"_links":{"self":[{"href":"https:\/\/ollabot.com\/es\/wp-json\/wp\/v2\/pages\/3","targetHints":{"allow":["GET"]}}],"collection":[{"href":"https:\/\/ollabot.com\/es\/wp-json\/wp\/v2\/pages"}],"about":[{"href":"https:\/\/ollabot.com\/es\/wp-json\/wp\/v2\/types\/page"}],"author":[{"embeddable":true,"href":"https:\/\/ollabot.com\/es\/wp-json\/wp\/v2\/users\/1"}],"replies":[{"embeddable":true,"href":"https:\/\/ollabot.com\/es\/wp-json\/wp\/v2\/comments?post=3"}],"version-history":[{"count":0,"href":"https:\/\/ollabot.com\/es\/wp-json\/wp\/v2\/pages\/3\/revisions"}],"wp:featuredmedia":[{"embeddable":true,"href":"https:\/\/ollabot.com\/es\/wp-json\/wp\/v2\/media\/1273"}],"wp:attachment":[{"href":"https:\/\/ollabot.com\/es\/wp-json\/wp\/v2\/media?parent=3"}],"curies":[{"name":"gracias","href":"https:\/\/api.w.org\/{rel}","templated":true}]}}